
{"id":1173,"date":"2019-09-12T20:41:58","date_gmt":"2019-09-12T23:41:58","guid":{"rendered":"http:\/\/www.laparoscopiaimc.com.ar\/?post_type=product&#038;p=1173"},"modified":"2025-09-28T19:50:41","modified_gmt":"2025-09-28T22:50:41","slug":"fuente-led-imc-l600-80-de-60-w-para-endoscopia-y-laparoscopia","status":"publish","type":"product","link":"https:\/\/www.laparoscopiaimc.com.ar\/index.php\/producto\/fuente-led-imc-l600-80-de-60-w-para-endoscopia-y-laparoscopia\/","title":{"rendered":"FUENTE DE LUZ L-600 80 Watts."},"content":{"rendered":"<p>VIDEO LINK<br \/>\n<iframe loading=\"lazy\" title=\"Fuente IMC L600\" width=\"563\" height=\"1000\" src=\"https:\/\/www.youtube.com\/embed\/CDIm8CnQaYE?feature=oembed\" frameborder=\"0\" allow=\"accelerometer; autoplay; clipboard-write; encrypted-media; gyroscope; picture-in-picture; web-share\" referrerpolicy=\"strict-origin-when-cross-origin\" allowfullscreen><\/iframe><\/p>\n<p>FUENTE DE LUZ L-600-80 <\/p>\n<p>Unidad indicada para satisfacer  requerimientos diagn\u00f3sticos y quir\u00fargicos tanto en consultorio, como en  quir\u00f3fano. Brinda 80 watts de potencia LED de grado m\u00e9dico equivalentes a 180 watts Xennon. Posee 5000 grados Kelvin de temperatura color, muy similar a la luz d\u00eda, lo que realza los matices y colores  requeridos durante los procedimientos. Con control gradual sensible  de intensidad de luz mediante sistema de pulsador t\u00e1ctil. Con entrada universal para  conexi\u00f3n  de fibra.<\/p>\n<p>Potencia: 80 Watts Led = 180 Watts Xen\u00f3n<br \/>\nRegulaci\u00f3n: T\u00e1ctil.<br \/>\nTemperatura color: 5000K<br \/>\nPuertos para ingreso de fibra: Universal<br \/>\nCaracter\u00edsticas f\u00edsicas: 28 Cm x 20 x 8<br \/>\nCaracter\u00edsticas el\u00e9ctricas:220V.<\/p>\n","protected":false},"excerpt":{"rendered":"Unidad indicada para satisfacer  requerimientos diagn\u00f3sticos  quir\u00fargicos Brinda 80 watts de potencia LED con 5000 grados Kelvin de temperatura color, muy similar a la luz d\u00eda, lo que realza los matices y colores  requeridos durante los procedimientos. Con control gradual de intensidad de luz mediante sistema de pulsador t\u00e1ctil. Con entradas para  conexi\u00f3n  de fibras universales.","protected":false},"featured_media":1517,"comment_status":"closed","ping_status":"closed","template":"","meta":[],"_links":{"self":[{"href":"https:\/\/www.laparoscopiaimc.com.ar\/index.php\/wp-json\/wp\/v2\/product\/1173"}],"collection":[{"href":"https:\/\/www.laparoscopiaimc.com.ar\/index.php\/wp-json\/wp\/v2\/product"}],"about":[{"href":"https:\/\/www.laparoscopiaimc.com.ar\/index.php\/wp-json\/wp\/v2\/types\/product"}],"replies":[{"embeddable":true,"href":"https:\/\/www.laparoscopiaimc.com.ar\/index.php\/wp-json\/wp\/v2\/comments?post=1173"}],"wp:featuredmedia":[{"embeddable":true,"href":"https:\/\/www.laparoscopiaimc.com.ar\/index.php\/wp-json\/wp\/v2\/media\/1517"}],"wp:attachment":[{"href":"https:\/\/www.laparoscopiaimc.com.ar\/index.php\/wp-json\/wp\/v2\/media?parent=1173"}],"curies":[{"name":"wp","href":"https:\/\/api.w.org\/{rel}","templated":true}]}}