
{"id":1217,"date":"2019-09-03T19:05:16","date_gmt":"2019-09-03T22:05:16","guid":{"rendered":"http:\/\/www.laparoscopiaimc.com.ar\/?post_type=product&#038;p=1217"},"modified":"2025-08-17T11:14:31","modified_gmt":"2025-08-17T14:14:31","slug":"artroscopio-4mm-30-170mm","status":"publish","type":"product","link":"https:\/\/www.laparoscopiaimc.com.ar\/index.php\/producto\/artroscopio-4mm-30-170mm\/","title":{"rendered":"\u00d3ptica r\u00edgida Ahlers Medical HD de 4mm x 30\u00b0 x 170mm"},"content":{"rendered":"<p>\u00d3ptica Ahlers Medical<br \/>\n\u00d3ptica r\u00edgida de alta definici\u00f3n para laparoscop\u00eda<\/p>\n<p>\u00d3ptica de precisi\u00f3n fabricada por Ahlers Medical (USA), dise\u00f1ada para procedimientos laparosc\u00f3picos de alta exigencia. Su estructura de 4 mm de di\u00e1metro y longitud de 17 cm la hace ideal para abordajes quir\u00fargicos est\u00e1ndar, mientras que su angulaci\u00f3n de 30\u00b0 permite una visualizaci\u00f3n oblicua y un mayor campo de observaci\u00f3n dentro del plano operatorio. Con versiones de 10cm de Longitud y angulacion de 0\u00ba y 70\u00ba.<\/p>\n<p>Equipada con un sistema de lentes especialmente tratadas para tecnolog\u00eda HD, ofrece una imagen n\u00edtida, con excelente definici\u00f3n de contornos y fidelidad crom\u00e1tica.<\/p>\n<p>Cuenta con puerto de entrada para fibra \u00f3ptica compatible con sistemas Storz, Wolf y Olympus, lo que garantiza interoperabilidad con las principales torres de video del mercado.<\/p>\n<p>VIDEO LINK. https:\/\/youtube.com\/shorts\/mJudTt_XRm0?si=ichx19pcTw9h7XMx<\/p>\n","protected":false},"excerpt":{"rendered":"  \u00d3ptica de precisi\u00f3n fabricada por Ahlers Medical (USA), dise\u00f1ada para procedimientos laparosc\u00f3picos de alta exigencia. Su estructura de 4 mm de di\u00e1metro y longitud de 17 cm la hace ideal para abordajes quir\u00fargicos est\u00e1ndar, mientras que su angulaci\u00f3n de 30\u00b0 permite una visualizaci\u00f3n oblicua y un mayor campo de observaci\u00f3n dentro del plano operatorio. Con versiones de 10cm de Longitud y angulacion de 0\u00ba y 70\u00ba.\r\n\r\nEquipada con un sistema de lentes especialmente tratadas para tecnolog\u00eda HD, ofrece una imagen n\u00edtida, con excelente definici\u00f3n de contornos y fidelidad crom\u00e1tica.\r\n\r\nCuenta con puerto de entrada para fibra \u00f3ptica compatible con sistemas Storz, Wolf y Olympus, lo que garantiza interoperabilidad con las principales torres de video del mercado.\r\n\r\nVIDEO LINK. https:\/\/youtube.com\/shorts\/mJudTt_XRm0?si=ichx19pcTw9h7XMx\r\n\r\n ","protected":false},"featured_media":1486,"comment_status":"closed","ping_status":"closed","template":"","meta":[],"_links":{"self":[{"href":"https:\/\/www.laparoscopiaimc.com.ar\/index.php\/wp-json\/wp\/v2\/product\/1217"}],"collection":[{"href":"https:\/\/www.laparoscopiaimc.com.ar\/index.php\/wp-json\/wp\/v2\/product"}],"about":[{"href":"https:\/\/www.laparoscopiaimc.com.ar\/index.php\/wp-json\/wp\/v2\/types\/product"}],"replies":[{"embeddable":true,"href":"https:\/\/www.laparoscopiaimc.com.ar\/index.php\/wp-json\/wp\/v2\/comments?post=1217"}],"wp:featuredmedia":[{"embeddable":true,"href":"https:\/\/www.laparoscopiaimc.com.ar\/index.php\/wp-json\/wp\/v2\/media\/1486"}],"wp:attachment":[{"href":"https:\/\/www.laparoscopiaimc.com.ar\/index.php\/wp-json\/wp\/v2\/media?parent=1217"}],"curies":[{"name":"wp","href":"https:\/\/api.w.org\/{rel}","templated":true}]}}