
{"id":1239,"date":"2019-09-10T19:35:36","date_gmt":"2019-09-10T22:35:36","guid":{"rendered":"http:\/\/www.laparoscopiaimc.com.ar\/?post_type=product&#038;p=1239"},"modified":"2025-09-28T20:18:56","modified_gmt":"2025-09-28T23:18:56","slug":"insuflador-de-co2-para-laparoscopia-marca-imc-modelo-40-litros","status":"publish","type":"product","link":"https:\/\/www.laparoscopiaimc.com.ar\/index.php\/producto\/insuflador-de-co2-para-laparoscopia-marca-imc-modelo-40-litros\/","title":{"rendered":"INSUFLADOR IMC L40. Para Laparoscop\u00eda, env\u00edo 40 lts."},"content":{"rendered":"<p> El insuflador IMC L-40 est\u00e1 dise\u00f1ado para cumplir con los m\u00e1s altos est\u00e1ndares en procedimientos de cirug\u00eda laparosc\u00f3pica. Ofrece un rendimiento confiable y seguro en entornos quir\u00fargicos exigentes.<\/p>\n<p>Cuenta con una capacidad de flujo de hasta 40 litros por minuto, lo que permite una insuflaci\u00f3n r\u00e1pida y estable durante la intervenci\u00f3n. Su panel frontal incorpora un display digital que facilita la lectura de los par\u00e1metros operativos y el manejo intuitivo de los controles.<\/p>\n<p>Incluye sistemas de seguridad con alarmas por presi\u00f3n negativa y sobrepresi\u00f3n, lo que garantiza la protecci\u00f3n del paciente y del equipo en todo momento.<\/p>\n<p>Se entrega provisto con manguera para conexi\u00f3n al tubo de CO\u2082.<\/p>\n","protected":false},"excerpt":{"rendered":" El insuflador IMC L-40 est\u00e1 dise\u00f1ado para cumplir con los m\u00e1s altos est\u00e1ndares en procedimientos de cirug\u00eda laparosc\u00f3pica. Ofrece un rendimiento confiable y seguro en entornos quir\u00fargicos exigentes.\r\n\r\nCuenta con una capacidad de flujo de hasta 40 litros por minuto, lo que permite una insuflaci\u00f3n r\u00e1pida y estable durante la intervenci\u00f3n. Su panel frontal incorpora un display digital que facilita la lectura de los par\u00e1metros operativos y el manejo intuitivo de los controles.\r\n\r\nIncluye sistemas de seguridad con alarmas por presi\u00f3n negativa y sobrepresi\u00f3n, lo que garantiza la protecci\u00f3n del paciente y del equipo en todo momento.\r\n\r\nSe entrega provisto con manguera para conexi\u00f3n al tubo de CO\u2082.\r\n\r\n","protected":false},"featured_media":1466,"comment_status":"closed","ping_status":"closed","template":"","meta":[],"_links":{"self":[{"href":"https:\/\/www.laparoscopiaimc.com.ar\/index.php\/wp-json\/wp\/v2\/product\/1239"}],"collection":[{"href":"https:\/\/www.laparoscopiaimc.com.ar\/index.php\/wp-json\/wp\/v2\/product"}],"about":[{"href":"https:\/\/www.laparoscopiaimc.com.ar\/index.php\/wp-json\/wp\/v2\/types\/product"}],"replies":[{"embeddable":true,"href":"https:\/\/www.laparoscopiaimc.com.ar\/index.php\/wp-json\/wp\/v2\/comments?post=1239"}],"wp:featuredmedia":[{"embeddable":true,"href":"https:\/\/www.laparoscopiaimc.com.ar\/index.php\/wp-json\/wp\/v2\/media\/1466"}],"wp:attachment":[{"href":"https:\/\/www.laparoscopiaimc.com.ar\/index.php\/wp-json\/wp\/v2\/media?parent=1239"}],"curies":[{"name":"wp","href":"https:\/\/api.w.org\/{rel}","templated":true}]}}