
{"id":1272,"date":"2019-06-11T15:14:43","date_gmt":"2019-06-11T18:14:43","guid":{"rendered":"http:\/\/www.laparoscopiaimc.com.ar\/?post_type=product&#038;p=1272"},"modified":"2025-09-28T20:16:15","modified_gmt":"2025-09-28T23:16:15","slug":"shaver-btr-para-artroscopia","status":"publish","type":"product","link":"https:\/\/www.laparoscopiaimc.com.ar\/index.php\/producto\/shaver-btr-para-artroscopia\/","title":{"rendered":"Shaver para artroscop\u00eda"},"content":{"rendered":"<p> Shaver BTR para artroscop\u00eda<\/p>\n<p>Sistema SHAVER dise\u00f1ado para procedimientos de artroscop\u00eda, que ofrece precisi\u00f3n, control y facilidad de uso en intervenciones m\u00ednimamente invasivas.<\/p>\n<p>El equipo cuenta con un motor de 6,000 revoluciones por minuto, integrado a un mango ergon\u00f3mico compatible con puntas Dyonics EP1, lo que garantiza un desempe\u00f1o eficaz y c\u00f3modo para el cirujano.<\/p>\n<p>Incluye pedalera multifunci\u00f3n con control de movimientos en sentido derecho, izquierdo y oscilante, permitiendo una manipulaci\u00f3n vers\u00e1til seg\u00fan las necesidades del procedimiento.<\/p>\n<p>El panel frontal incorpora una pantalla LED con display de lectura y manejo intuitivo de par\u00e1metros, lo que facilita el monitoreo y ajuste durante la cirug\u00eda.<\/p>\n","protected":false},"excerpt":{"rendered":" Shaver BTR para artroscop\u00eda\r\n\r\nSistema SHAVER dise\u00f1ado para procedimientos de artroscop\u00eda, que ofrece precisi\u00f3n, control y facilidad de uso en intervenciones m\u00ednimamente invasivas.\r\n\r\nEl equipo cuenta con un motor de 6,000 revoluciones por minuto, integrado a un mango ergon\u00f3mico compatible con puntas Dyonics EP1, lo que garantiza un desempe\u00f1o eficaz y c\u00f3modo para el cirujano.\r\n\r\nIncluye pedalera multifunci\u00f3n con control de movimientos en sentido derecho, izquierdo y oscilante, permitiendo una manipulaci\u00f3n vers\u00e1til seg\u00fan las necesidades del procedimiento.\r\n\r\nEl panel frontal incorpora una pantalla LED con display de lectura y manejo intuitivo de par\u00e1metros, lo que facilita el monitoreo y ajuste durante la cirug\u00eda.\r\n\r\n\r\n\r\n\r\n ","protected":false},"featured_media":1475,"comment_status":"closed","ping_status":"closed","template":"","meta":[],"_links":{"self":[{"href":"https:\/\/www.laparoscopiaimc.com.ar\/index.php\/wp-json\/wp\/v2\/product\/1272"}],"collection":[{"href":"https:\/\/www.laparoscopiaimc.com.ar\/index.php\/wp-json\/wp\/v2\/product"}],"about":[{"href":"https:\/\/www.laparoscopiaimc.com.ar\/index.php\/wp-json\/wp\/v2\/types\/product"}],"replies":[{"embeddable":true,"href":"https:\/\/www.laparoscopiaimc.com.ar\/index.php\/wp-json\/wp\/v2\/comments?post=1272"}],"wp:featuredmedia":[{"embeddable":true,"href":"https:\/\/www.laparoscopiaimc.com.ar\/index.php\/wp-json\/wp\/v2\/media\/1475"}],"wp:attachment":[{"href":"https:\/\/www.laparoscopiaimc.com.ar\/index.php\/wp-json\/wp\/v2\/media?parent=1272"}],"curies":[{"name":"wp","href":"https:\/\/api.w.org\/{rel}","templated":true}]}}