
{"id":1275,"date":"2019-09-10T15:27:45","date_gmt":"2019-09-10T18:27:45","guid":{"rendered":"http:\/\/www.laparoscopiaimc.com.ar\/?post_type=product&#038;p=1275"},"modified":"2025-08-26T11:34:46","modified_gmt":"2025-08-26T14:34:46","slug":"fibradeluzimchd","status":"publish","type":"product","link":"https:\/\/www.laparoscopiaimc.com.ar\/index.php\/producto\/fibradeluzimchd\/","title":{"rendered":"FIBRA DE LUZ AHLERS HD"},"content":{"rendered":"<p>VIDEO LINK<br \/>\n<iframe loading=\"lazy\" title=\"FIBRA DE LUZ HD MARCA AHLERS.\" width=\"563\" height=\"1000\" src=\"https:\/\/www.youtube.com\/embed\/R1bJZDya_kA?feature=oembed\" frameborder=\"0\" allow=\"accelerometer; autoplay; clipboard-write; encrypted-media; gyroscope; picture-in-picture; web-share\" referrerpolicy=\"strict-origin-when-cross-origin\" allowfullscreen><\/iframe><\/p>\n<p>Fibra de iluminaci\u00f3n HD \u2013 Marca Ahlers (USA)<br \/>\nAlto rendimiento, m\u00e1xima compatibilidad y tecnolog\u00eda antiquiebre. Fibra \u00f3ptica de iluminaci\u00f3n de alta definici\u00f3n, desarrollada por Ahlers (USA), especialmente dise\u00f1ada para aplicaciones quir\u00fargicas avanzadas en laparoscop\u00eda y endoscop\u00eda.<br \/>\nOfrece  un flujo luminoso uniforme y de alta intensidad.<br \/>\nSu dise\u00f1o incorpora:<br \/>\nConectores universales: compatibles con todos los sistemas est\u00e1ndar del mercado (Storz, Wolf, Olympus, entre otros).<br \/>\nMalla interna anti-quiebre. fabricada con materiales de alta resistencia que prolongan la vida \u00fatil del cable y evitan quiebres por torsi\u00f3n o uso continuo.<br \/>\nCon Indicador lum\u00ednico integrado: permite verificar r\u00e1pidamente la transmisi\u00f3n activa de luz, optimizando la seguridad y la eficiencia durante el procedimiento.<br \/>\nConstruida con est\u00e1ndares de calidad internacional, es una soluci\u00f3n robusta y confiable para entornos quir\u00fargicos de alta demanda.<\/p>\n","protected":false},"excerpt":{"rendered":"Fibra de iluminaci\u00f3n HD \u2013 Marca Ahlers (USA)\r\nAlto rendimiento, m\u00e1xima compatibilidad y tecnolog\u00eda antiquiebre. Fibra \u00f3ptica de iluminaci\u00f3n de alta definici\u00f3n, desarrollada por Ahlers (USA), especialmente dise\u00f1ada para aplicaciones quir\u00fargicas avanzadas en laparoscop\u00eda y endoscop\u00eda.\r\nOfrece  un flujo luminoso uniforme y de alta intensidad.\r\nSu dise\u00f1o incorpora:\r\nConectores universales: compatibles con todos los sistemas est\u00e1ndar del mercado (Storz, Wolf, Olympus, entre otros).\r\nMalla interna anti-quiebre. fabricada con materiales de alta resistencia que prolongan la vida \u00fatil del cable y evitan quiebres por torsi\u00f3n o uso continuo.\r\nCon Indicador lum\u00ednico integrado: permite verificar r\u00e1pidamente la transmisi\u00f3n activa de luz, optimizando la seguridad y la eficiencia durante el procedimiento.\r\nConstruida con est\u00e1ndares de calidad internacional, es una soluci\u00f3n robusta y confiable para entornos quir\u00fargicos de alta demanda.\r\n\r\n","protected":false},"featured_media":1501,"comment_status":"open","ping_status":"closed","template":"","meta":[],"_links":{"self":[{"href":"https:\/\/www.laparoscopiaimc.com.ar\/index.php\/wp-json\/wp\/v2\/product\/1275"}],"collection":[{"href":"https:\/\/www.laparoscopiaimc.com.ar\/index.php\/wp-json\/wp\/v2\/product"}],"about":[{"href":"https:\/\/www.laparoscopiaimc.com.ar\/index.php\/wp-json\/wp\/v2\/types\/product"}],"replies":[{"embeddable":true,"href":"https:\/\/www.laparoscopiaimc.com.ar\/index.php\/wp-json\/wp\/v2\/comments?post=1275"}],"wp:featuredmedia":[{"embeddable":true,"href":"https:\/\/www.laparoscopiaimc.com.ar\/index.php\/wp-json\/wp\/v2\/media\/1501"}],"wp:attachment":[{"href":"https:\/\/www.laparoscopiaimc.com.ar\/index.php\/wp-json\/wp\/v2\/media?parent=1275"}],"curies":[{"name":"wp","href":"https:\/\/api.w.org\/{rel}","templated":true}]}}