
{"id":1379,"date":"2021-01-11T17:52:51","date_gmt":"2021-01-11T20:52:51","guid":{"rendered":"http:\/\/www.laparoscopiaimc.com.ar\/?post_type=product&#038;p=1379"},"modified":"2025-08-26T11:15:44","modified_gmt":"2025-08-26T14:15:44","slug":"imc-cromatica-ta-200","status":"publish","type":"product","link":"https:\/\/www.laparoscopiaimc.com.ar\/index.php\/producto\/imc-cromatica-ta-200\/","title":{"rendered":"CROMATICA TA200 Endoc\u00e1mara HD con fuente led de 120Watts."},"content":{"rendered":"<p>Crom\u00e1tica TA-200<br \/>\nVers\u00e1til y portable, la unidad Crom\u00e1tica TA-200 est\u00e1 indicada para todos los procedimientos laparosc\u00f3picos y endosc\u00f3picos generales, tanto en quir\u00f3fano como en consultorio.<\/p>\n<p>Equipada con un procesador HD de grado m\u00e9dico, ofrece im\u00e1genes en alta resoluci\u00f3n, realzando los matices y colores reales requeridos durante la cirug\u00eda. Incorpora funciones avanzadas como balance inteligente de blancos, compensaci\u00f3n autom\u00e1tica de luz y salidas para las diferentes normas de monitores disponibles en el mercado.<\/p>\n<p>Posee un  comando de control met\u00e1lico y ergon\u00f3mico tipo Olympus , y lentes HD disponibles en versiones de 35 mm y 22 mm, seg\u00fan las necesidades del procedimiento.<\/p>\n<p>El sistema integra una fuente de luz Medical LED con una vida \u00fatil de 30.000 horas sin necesidad de mantenimiento. El m\u00f3dulo LED LUMINA\u00ae\ufe0f, desarrollado por IMC, entrega 100 potentes watts equivalentes a 300 watts de xen\u00f3n, controlados por microprocesador.<\/p>\n<p>La iluminaci\u00f3n cuenta con regulaci\u00f3n gradual de intensidad y una temperatura de color de 6000K (luz d\u00eda), lo que, combinado con el m\u00f3dulo de imagen, garantiza un resultado \u00f3ptimo en todo tipo de procedimientos.<\/p>\n","protected":false},"excerpt":{"rendered":"Crom\u00e1tica TA-200\r\nVers\u00e1til y portable, la unidad Crom\u00e1tica TA-200 est\u00e1 indicada para todos los procedimientos laparosc\u00f3picos y endosc\u00f3picos generales, tanto en quir\u00f3fano como en consultorio.\r\n\r\nEquipada con un procesador HD de grado m\u00e9dico, ofrece im\u00e1genes en alta resoluci\u00f3n, realzando los matices y colores reales requeridos durante la cirug\u00eda. Incorpora funciones avanzadas como balance inteligente de blancos, compensaci\u00f3n autom\u00e1tica de luz y salidas para las diferentes normas de monitores disponibles en el mercado.\r\n\r\nPosee un  comando de control met\u00e1lico y ergon\u00f3mico tipo Olympus , y lentes HD disponibles en versiones de 35 mm y \r\n22 mm, seg\u00fan las necesidades del procedimiento.\r\n\r\nEl sistema integra una fuente de luz Medical LED con una vida \u00fatil de 30.000 horas sin necesidad de mantenimiento. El m\u00f3dulo LED LUMINA\u00ae\ufe0f, desarrollado por IMC, entrega 100 potentes watts equivalentes a 300 watts de xen\u00f3n, controlados por microprocesador.\r\n\r\nLa iluminaci\u00f3n cuenta con regulaci\u00f3n gradual de intensidad y una temperatura de color de 6000K (luz d\u00eda), lo que, combinado con el m\u00f3dulo de imagen, garantiza un resultado \u00f3ptimo en todo tipo de procedimientos.","protected":false},"featured_media":1454,"comment_status":"open","ping_status":"closed","template":"","meta":[],"_links":{"self":[{"href":"https:\/\/www.laparoscopiaimc.com.ar\/index.php\/wp-json\/wp\/v2\/product\/1379"}],"collection":[{"href":"https:\/\/www.laparoscopiaimc.com.ar\/index.php\/wp-json\/wp\/v2\/product"}],"about":[{"href":"https:\/\/www.laparoscopiaimc.com.ar\/index.php\/wp-json\/wp\/v2\/types\/product"}],"replies":[{"embeddable":true,"href":"https:\/\/www.laparoscopiaimc.com.ar\/index.php\/wp-json\/wp\/v2\/comments?post=1379"}],"wp:featuredmedia":[{"embeddable":true,"href":"https:\/\/www.laparoscopiaimc.com.ar\/index.php\/wp-json\/wp\/v2\/media\/1454"}],"wp:attachment":[{"href":"https:\/\/www.laparoscopiaimc.com.ar\/index.php\/wp-json\/wp\/v2\/media?parent=1379"}],"curies":[{"name":"wp","href":"https:\/\/api.w.org\/{rel}","templated":true}]}}