
{"id":1495,"date":"2025-08-17T10:57:54","date_gmt":"2025-08-17T13:57:54","guid":{"rendered":"https:\/\/www.laparoscopiaimc.com.ar\/?post_type=product&#038;p=1495"},"modified":"2025-09-28T19:54:15","modified_gmt":"2025-09-28T22:54:15","slug":"dual-ii-sistema-de-endoscopia-con-fuente-de-100w-integrada","status":"publish","type":"product","link":"https:\/\/www.laparoscopiaimc.com.ar\/index.php\/producto\/dual-ii-sistema-de-endoscopia-con-fuente-de-100w-integrada\/","title":{"rendered":"DUAL II &#8211; Sistema de Endoscop\u00eda HD con Fuente de luz led de 100w."},"content":{"rendered":"<p>VIDEO LINK<br \/>\n<iframe loading=\"lazy\" title=\"Endoc\u00e1mara IMC - DUAL ll Procesador HD Grado m\u00e9dico con Fuente Led 100 watts incorporada.\" width=\"563\" height=\"1000\" src=\"https:\/\/www.youtube.com\/embed\/e2BC7aHGE3Q?feature=oembed\" frameborder=\"0\" allow=\"accelerometer; autoplay; clipboard-write; encrypted-media; gyroscope; picture-in-picture; web-share\" referrerpolicy=\"strict-origin-when-cross-origin\" allowfullscreen><\/iframe><\/p>\n<p>Dual II<br \/>\nVers\u00e1til  y portable, est\u00e1 unidad es  indicada para todos los procedimientos diagn\u00f3sticos u operatorios, laparosc\u00f3picos y endosc\u00f3picos generales.<br \/>\nId\u00f3nea tanto en quir\u00f3fano como en consultorio ,equipada con un procesador SONY HD de grado m\u00e9dico, ofrece im\u00e1genes en alta resoluci\u00f3n, realzando los matices y colores reales requeridos durante la cirug\u00eda. <\/p>\n<p>Incorpora funciones avanzadas como balance prefijado de blancos prefijado y compensaci\u00f3n autom\u00e1tica de luz.<br \/>\nPosee un comando de control f\u00edlmico met\u00e1lico y ergon\u00f3mico tipo con lentes para enfoque milim\u00e9trico<br \/>\n manual, disponible en versiones de 22 mm y 35 mm. Seg\u00fan los requerimientos.<\/p>\n<p>Este sistema integra una fuente de luz LED de grado m\u00e9dico de 100 watts de potencia con una vida \u00fatil de 30.000 horas sin necesidad de mantenimiento. El m\u00f3dulo LED LUMINA\u00ae\ufe0f, desarrollado por IMC, entrega 100 potentes watts equivalentes a 300 watts de xen\u00f3n, controlados por microprocesador mediante display de lectura en pantalla.<br \/>\nLa iluminaci\u00f3n cuenta con regulaci\u00f3n gradual de intensidad y una temperatura de color de 6000K (luz d\u00eda), lo que, combinado con el m\u00f3dulo de imagen, garantiza un resultado \u00f3ptimo en todo tipo de procedimientos.<\/p>\n","protected":false},"excerpt":{"rendered":"Sistema de endoscop\u00eda compacto y portable con procesador SONY HD  y m\u00f3dulo led de grado m\u00e9dico, con 100 Watts de potencia. Im\u00e1genes n\u00edtidas, colores reales y m\u00e1xima confiabilidad en cada procedimiento.\r\n\r\nCaracter\u00edsticas f\u00edsicas: Ancho(160mm) Profundidad (180mm) Alto (80mm) Peso: 1,5Kg.\r\nCaracter\u00edsticas el\u00e9ctricas: 220V.\r\nSalidas de Video : BNC \/ HDMI\r\n\r\nModulo de luz: Potencia Led 100w ( Equivalentes a 300W. Xen\u00f3n Olympus) Temperatura Color(6000K)\r\nProcesador de imagen Sony HD. Con compatibilidad para capturadora externa de im\u00e1genes.\r\n\r\n\r\n\r\n","protected":false},"featured_media":1516,"comment_status":"open","ping_status":"closed","template":"","meta":[],"_links":{"self":[{"href":"https:\/\/www.laparoscopiaimc.com.ar\/index.php\/wp-json\/wp\/v2\/product\/1495"}],"collection":[{"href":"https:\/\/www.laparoscopiaimc.com.ar\/index.php\/wp-json\/wp\/v2\/product"}],"about":[{"href":"https:\/\/www.laparoscopiaimc.com.ar\/index.php\/wp-json\/wp\/v2\/types\/product"}],"replies":[{"embeddable":true,"href":"https:\/\/www.laparoscopiaimc.com.ar\/index.php\/wp-json\/wp\/v2\/comments?post=1495"}],"wp:featuredmedia":[{"embeddable":true,"href":"https:\/\/www.laparoscopiaimc.com.ar\/index.php\/wp-json\/wp\/v2\/media\/1516"}],"wp:attachment":[{"href":"https:\/\/www.laparoscopiaimc.com.ar\/index.php\/wp-json\/wp\/v2\/media?parent=1495"}],"curies":[{"name":"wp","href":"https:\/\/api.w.org\/{rel}","templated":true}]}}