
{"id":1509,"date":"2025-09-04T20:31:52","date_gmt":"2025-09-04T23:31:52","guid":{"rendered":"https:\/\/www.laparoscopiaimc.com.ar\/?post_type=product&#038;p=1509"},"modified":"2025-09-28T19:32:41","modified_gmt":"2025-09-28T22:32:41","slug":"ta-200-ll-endocamara-hd-con-fuente-led-de-200-w","status":"publish","type":"product","link":"https:\/\/www.laparoscopiaimc.com.ar\/index.php\/producto\/ta-200-ll-endocamara-hd-con-fuente-led-de-200-w\/","title":{"rendered":"TA -200 II  ENDOCAMARA HD CON FUENTE LED DE 200 W."},"content":{"rendered":"<p>ENDOCAMARA TA-200 II<br \/>\nEndoc\u00e1mara HD Con fuente de Luz 200w.LED Vers\u00e1til y portable, la unidad TA-200 est\u00e1 indicada para todos los procedimientos laparosc\u00f3picos y endosc\u00f3picos generales, tanto en quir\u00f3fano como en consultorio.<\/p>\n<p>Equipada con un procesador SONY HD de grado m\u00e9dico, ofrece im\u00e1genes en alta resoluci\u00f3n, realzando los matices y colores  requeridos durante la cirug\u00eda. Incorpora funciones avanzadas como balance prefijado de de blancos y compensaci\u00f3n autom\u00e1tica de luz.<\/p>\n","protected":false},"excerpt":{"rendered":"ENDOCAMARA TA-200 II\r\nVers\u00e1til y portable, la unidad TA-200 II est\u00e1 indicada para todos los procedimientos laparosc\u00f3picos y endosc\u00f3picos generales, tanto en quir\u00f3fano como en consultorio.\r\n\r\nEquipada con un procesador SONYHD de grado m\u00e9dico, ofrece im\u00e1genes en alta resoluci\u00f3n, realzando los matices y colores requeridos durante la cirug\u00eda. Incorpora funciones avanzadas como balance prefijado de blancos y compensaci\u00f3n autom\u00e1tica de luz.\r\n\r\nPosee un comando de control met\u00e1lico y ergon\u00f3mico tipo Olympus , y lentes HD disponibles en versiones de 35 mm y\r\n22 mm, seg\u00fan las necesidades del procedimiento.\r\n\r\nEl sistema integra una fuente de luz de LED grado m\u00e9dico con una vida \u00fatil de 30.000 horas sin necesidad de mantenimiento. El m\u00f3dulo LED LUMINA\u00ae\ufe0f, desarrollado por IMC, entrega 200 potentes watts equivalentes a 300 watts de xen\u00f3n, controlados por microprocesador mediante display indicador de par\u00e1metros en panel frontal.\r\n\r\nLa iluminaci\u00f3n cuenta con regulaci\u00f3n de  luz inteligente mediante control en display en panel frontal. Con una temperatura de color de 6000K (luz d\u00eda), lo que, combinado con el m\u00f3dulo de imagen, garantiza un resultado \u00f3ptimo en todo tipo de procedimientos.","protected":false},"featured_media":1515,"comment_status":"open","ping_status":"closed","template":"","meta":[],"_links":{"self":[{"href":"https:\/\/www.laparoscopiaimc.com.ar\/index.php\/wp-json\/wp\/v2\/product\/1509"}],"collection":[{"href":"https:\/\/www.laparoscopiaimc.com.ar\/index.php\/wp-json\/wp\/v2\/product"}],"about":[{"href":"https:\/\/www.laparoscopiaimc.com.ar\/index.php\/wp-json\/wp\/v2\/types\/product"}],"replies":[{"embeddable":true,"href":"https:\/\/www.laparoscopiaimc.com.ar\/index.php\/wp-json\/wp\/v2\/comments?post=1509"}],"wp:featuredmedia":[{"embeddable":true,"href":"https:\/\/www.laparoscopiaimc.com.ar\/index.php\/wp-json\/wp\/v2\/media\/1515"}],"wp:attachment":[{"href":"https:\/\/www.laparoscopiaimc.com.ar\/index.php\/wp-json\/wp\/v2\/media?parent=1509"}],"curies":[{"name":"wp","href":"https:\/\/api.w.org\/{rel}","templated":true}]}}